{"id":2527,"date":"2022-07-09T18:43:53","date_gmt":"2022-07-09T17:43:53","guid":{"rendered":"https:\/\/apartmani-tafra-duce-omis.eu\/?page_id=2527"},"modified":"2022-07-09T20:02:21","modified_gmt":"2022-07-09T19:02:21","slug":"duce-5","status":"publish","type":"page","link":"https:\/\/apartmani-tafra-duce-omis.eu\/index.php\/de\/duce-5\/","title":{"rendered":"Du\u0107e"},"content":{"rendered":"\t\t<div data-elementor-type=\"wp-page\" data-elementor-id=\"2527\" class=\"elementor elementor-2527\">\n\t\t\t\t\t\t<section class=\"elementor-section elementor-top-section elementor-element elementor-element-987fe13 elementor-section-height-min-height elementor-section-boxed elementor-section-height-default elementor-section-items-middle\" data-id=\"987fe13\" data-element_type=\"section\" data-e-type=\"section\">\n\t\t\t\t\t\t<div class=\"elementor-container elementor-column-gap-default\">\n\t\t\t\t\t<div class=\"elementor-column elementor-col-100 elementor-top-column elementor-element elementor-element-bc6f3ef\" data-id=\"bc6f3ef\" data-element_type=\"column\" data-e-type=\"column\">\n\t\t\t<div class=\"elementor-widget-wrap\">\n\t\t\t\t\t\t\t<\/div>\n\t\t<\/div>\n\t\t\t\t\t<\/div>\n\t\t<\/section>\n\t\t\t\t<section class=\"elementor-section elementor-top-section elementor-element elementor-element-b190b62 elementor-section-boxed elementor-section-height-default elementor-section-height-default\" data-id=\"b190b62\" data-element_type=\"section\" data-e-type=\"section\">\n\t\t\t\t\t\t<div class=\"elementor-container elementor-column-gap-default\">\n\t\t\t\t\t<div class=\"elementor-column elementor-col-50 elementor-top-column elementor-element elementor-element-7ed371a\" data-id=\"7ed371a\" data-element_type=\"column\" data-e-type=\"column\">\n\t\t\t<div class=\"elementor-widget-wrap elementor-element-populated\">\n\t\t\t\t\t\t<div class=\"elementor-element elementor-element-6f95894 elementor-widget elementor-widget-heading\" data-id=\"6f95894\" data-element_type=\"widget\" data-e-type=\"widget\" data-widget_type=\"heading.default\">\n\t\t\t\t<div class=\"elementor-widget-container\">\n\t\t\t\t\t<h2 class=\"elementor-heading-title elementor-size-default\">DU\u0106E <\/h2>\t\t\t\t<\/div>\n\t\t\t\t<\/div>\n\t\t\t\t\t<\/div>\n\t\t<\/div>\n\t\t\t\t<div class=\"elementor-column elementor-col-50 elementor-top-column elementor-element elementor-element-69bebcf\" data-id=\"69bebcf\" data-element_type=\"column\" data-e-type=\"column\">\n\t\t\t<div class=\"elementor-widget-wrap\">\n\t\t\t\t\t\t\t<\/div>\n\t\t<\/div>\n\t\t\t\t\t<\/div>\n\t\t<\/section>\n\t\t\t\t<section class=\"elementor-section elementor-top-section elementor-element elementor-element-f046be9 elementor-section-boxed elementor-section-height-default elementor-section-height-default\" data-id=\"f046be9\" data-element_type=\"section\" data-e-type=\"section\">\n\t\t\t\t\t\t<div class=\"elementor-container elementor-column-gap-default\">\n\t\t\t\t\t<div class=\"elementor-column elementor-col-66 elementor-top-column elementor-element elementor-element-221721f\" data-id=\"221721f\" data-element_type=\"column\" data-e-type=\"column\">\n\t\t\t<div class=\"elementor-widget-wrap elementor-element-populated\">\n\t\t\t\t\t\t<div class=\"elementor-element elementor-element-b38a5ba elementor-widget elementor-widget-video\" data-id=\"b38a5ba\" data-element_type=\"widget\" data-e-type=\"widget\" data-settings=\"{&quot;video_type&quot;:&quot;hosted&quot;,&quot;autoplay&quot;:&quot;yes&quot;,&quot;play_on_mobile&quot;:&quot;yes&quot;,&quot;controls&quot;:&quot;yes&quot;}\" data-widget_type=\"video.default\">\n\t\t\t\t<div class=\"elementor-widget-container\">\n\t\t\t\t\t\t\t<div class=\"e-hosted-video elementor-wrapper elementor-open-inline\">\n\t\t\t\t\t<video class=\"elementor-video\" src=\"\/wp-content\/uploads\/2022\/05\/duce.mp4\" autoplay=\"\" controls=\"\" playsinline=\"\" controlsList=\"nodownload\"><\/video>\n\t\t\t\t<\/div>\n\t\t\t\t\t\t<\/div>\n\t\t\t\t<\/div>\n\t\t\t\t\t<\/div>\n\t\t<\/div>\n\t\t\t\t<div class=\"elementor-column elementor-col-33 elementor-top-column elementor-element elementor-element-4b38593\" data-id=\"4b38593\" data-element_type=\"column\" data-e-type=\"column\">\n\t\t\t<div class=\"elementor-widget-wrap elementor-element-populated\">\n\t\t\t\t\t\t<div class=\"elementor-element elementor-element-0b20b84 elementor-widget elementor-widget-text-editor\" data-id=\"0b20b84\" data-element_type=\"widget\" data-e-type=\"widget\" data-widget_type=\"text-editor.default\">\n\t\t\t\t<div class=\"elementor-widget-container\">\n\t\t\t\t\t\t\t\t\t<p style=\"text-align: center;\">Du\u0107e ist ein Dorf in der N\u00e4he von Omi\u0161 in der Gemeinde Dugo Rat, in Kroatien, an der Stra\u00dfe Omi\u0161 &#8211; Split.<\/p><p style=\"text-align: center;\">Der Strand Du\u0107e mit seinem langen, flachen Sandstrand ist ein beliebter Badeort f\u00fcr viele Spliter.<\/p><p style=\"text-align: center;\">Die Stadt Du\u0107e besteht aus: <strong>Luka, Roga\u010da, Vavlja, Golubinka, Glavica und Do\u010dina<\/strong>. In der Vergangenheit lebten in Du\u0107e nur wenige Familien mit Nachnamen: Vojnovi\u0107, \u0160karica, \u010cepi\u0107, Bilanovi\u0107, Dujmovi\u0107, \u0160kobalj, \u017delali\u0107. Heute ist Du\u0107e eine Stadt mit etwa 2.000 Einwohnern. Die Hauptwirtschaftst\u00e4tigkeit der Bev\u00f6lkerung von Du\u0107a ist der Tourismus (Wohnungsunterkunft). <a href=\"https:\/\/en.wikipedia.org\/wiki\/Du%C4%87e\">MEHR im Wiki&#8230;<\/a><\/p>\t\t\t\t\t\t\t\t<\/div>\n\t\t\t\t<\/div>\n\t\t\t\t\t<\/div>\n\t\t<\/div>\n\t\t\t\t\t<\/div>\n\t\t<\/section>\n\t\t\t\t<section class=\"elementor-section elementor-top-section elementor-element elementor-element-5d1c8db elementor-section-boxed elementor-section-height-default elementor-section-height-default\" data-id=\"5d1c8db\" data-element_type=\"section\" data-e-type=\"section\">\n\t\t\t\t\t\t<div class=\"elementor-container elementor-column-gap-default\">\n\t\t\t\t\t<div class=\"elementor-column elementor-col-33 elementor-top-column elementor-element elementor-element-dd1ad7b\" data-id=\"dd1ad7b\" data-element_type=\"column\" data-e-type=\"column\">\n\t\t\t<div class=\"elementor-widget-wrap elementor-element-populated\">\n\t\t\t\t\t\t<div class=\"elementor-element elementor-element-e572dde elementor-widget elementor-widget-video\" data-id=\"e572dde\" data-element_type=\"widget\" data-e-type=\"widget\" data-settings=\"{&quot;video_type&quot;:&quot;hosted&quot;,&quot;loop&quot;:&quot;yes&quot;,&quot;controls&quot;:&quot;yes&quot;}\" data-widget_type=\"video.default\">\n\t\t\t\t<div class=\"elementor-widget-container\">\n\t\t\t\t\t\t\t<div class=\"e-hosted-video elementor-wrapper elementor-open-inline\">\n\t\t\t\t\t<video class=\"elementor-video\" src=\"\/wp-content\/uploads\/2022\/05\/paza.mp4\" loop=\"\" controls=\"\" preload=\"metadata\" controlsList=\"nodownload\"><\/video>\n\t\t\t\t<\/div>\n\t\t\t\t\t\t<\/div>\n\t\t\t\t<\/div>\n\t\t\t\t\t<\/div>\n\t\t<\/div>\n\t\t\t\t<div class=\"elementor-column elementor-col-33 elementor-top-column elementor-element elementor-element-8062c73\" data-id=\"8062c73\" data-element_type=\"column\" data-e-type=\"column\">\n\t\t\t<div class=\"elementor-widget-wrap elementor-element-populated\">\n\t\t\t\t\t\t<div class=\"elementor-element elementor-element-7d48e93 elementor-widget elementor-widget-video\" data-id=\"7d48e93\" data-element_type=\"widget\" data-e-type=\"widget\" data-settings=\"{&quot;video_type&quot;:&quot;hosted&quot;,&quot;loop&quot;:&quot;yes&quot;,&quot;controls&quot;:&quot;yes&quot;}\" data-widget_type=\"video.default\">\n\t\t\t\t<div class=\"elementor-widget-container\">\n\t\t\t\t\t\t\t<div class=\"e-hosted-video elementor-wrapper elementor-open-inline\">\n\t\t\t\t\t<video class=\"elementor-video\" src=\"\/wp-content\/uploads\/2022\/05\/duce2.mp4\" loop=\"\" controls=\"\" preload=\"metadata\" controlsList=\"nodownload\"><\/video>\n\t\t\t\t<\/div>\n\t\t\t\t\t\t<\/div>\n\t\t\t\t<\/div>\n\t\t\t\t\t<\/div>\n\t\t<\/div>\n\t\t\t\t<div class=\"elementor-column elementor-col-33 elementor-top-column elementor-element elementor-element-abe8553\" data-id=\"abe8553\" data-element_type=\"column\" data-e-type=\"column\">\n\t\t\t<div class=\"elementor-widget-wrap\">\n\t\t\t\t\t\t\t<\/div>\n\t\t<\/div>\n\t\t\t\t\t<\/div>\n\t\t<\/section>\n\t\t\t\t<section class=\"elementor-section elementor-top-section elementor-element elementor-element-cf6aa80 elementor-section-boxed elementor-section-height-default elementor-section-height-default\" data-id=\"cf6aa80\" data-element_type=\"section\" data-e-type=\"section\">\n\t\t\t\t\t\t<div class=\"elementor-container elementor-column-gap-no\">\n\t\t\t\t\t<div class=\"elementor-column elementor-col-100 elementor-top-column elementor-element elementor-element-ecc49c9\" data-id=\"ecc49c9\" data-element_type=\"column\" data-e-type=\"column\">\n\t\t\t<div class=\"elementor-widget-wrap elementor-element-populated\">\n\t\t\t\t\t\t<section class=\"elementor-section elementor-inner-section elementor-element elementor-element-8e29bb5 elementor-section-content-middle elementor-section-full_width elementor-section-height-default elementor-section-height-default\" data-id=\"8e29bb5\" data-element_type=\"section\" data-e-type=\"section\">\n\t\t\t\t\t\t<div class=\"elementor-container elementor-column-gap-no\">\n\t\t\t\t\t<div class=\"elementor-column elementor-col-33 elementor-inner-column elementor-element elementor-element-6268c00\" data-id=\"6268c00\" data-element_type=\"column\" data-e-type=\"column\">\n\t\t\t<div class=\"elementor-widget-wrap elementor-element-populated\">\n\t\t\t\t\t\t<div class=\"elementor-element elementor-element-43ab055 elementor-widget elementor-widget-image\" data-id=\"43ab055\" data-element_type=\"widget\" data-e-type=\"widget\" data-widget_type=\"image.default\">\n\t\t\t\t<div class=\"elementor-widget-container\">\n\t\t\t\t\t\t\t\t\t\t\t\t\t\t\t\t<a href=\"https:\/\/apartmani-tafra-duce-omis.eu\/index.php\/de\/startseite\/\">\n\t\t\t\t\t\t\t<img decoding=\"async\" width=\"175\" height=\"65\" src=\"https:\/\/i0.wp.com\/apartmani-tafra-duce-omis.eu\/wp-content\/uploads\/2022\/04\/cropped-tafra-logo83.png?fit=175%2C65&amp;ssl=1\" class=\"attachment-full size-full wp-image-772\" alt=\"\" \/>\t\t\t\t\t\t\t\t<\/a>\n\t\t\t\t\t\t\t\t\t\t\t\t\t\t\t<\/div>\n\t\t\t\t<\/div>\n\t\t\t\t\t<\/div>\n\t\t<\/div>\n\t\t\t\t<div class=\"elementor-column elementor-col-33 elementor-inner-column elementor-element elementor-element-0884c05\" data-id=\"0884c05\" data-element_type=\"column\" data-e-type=\"column\">\n\t\t\t<div class=\"elementor-widget-wrap elementor-element-populated\">\n\t\t\t\t\t\t<div class=\"elementor-element elementor-element-f364837 elementor-icon-list--layout-inline elementor-align-center elementor-list-item-link-full_width elementor-widget elementor-widget-icon-list\" data-id=\"f364837\" data-element_type=\"widget\" data-e-type=\"widget\" data-widget_type=\"icon-list.default\">\n\t\t\t\t<div class=\"elementor-widget-container\">\n\t\t\t\t\t\t\t<ul class=\"elementor-icon-list-items elementor-inline-items\">\n\t\t\t\t\t\t\t<li class=\"elementor-icon-list-item elementor-inline-item\">\n\t\t\t\t\t\t\t\t\t\t\t<a href=\"\/index.php\/de\/startseite\/\">\n\n\t\t\t\t\t\t\t\t\t\t\t<span class=\"elementor-icon-list-text\">Heim<\/span>\n\t\t\t\t\t\t\t\t\t\t\t<\/a>\n\t\t\t\t\t\t\t\t\t<\/li>\n\t\t\t\t\t\t\t\t<li class=\"elementor-icon-list-item elementor-inline-item\">\n\t\t\t\t\t\t\t\t\t\t\t<a href=\"\/index.php\/de\/strand\/\">\n\n\t\t\t\t\t\t\t\t\t\t\t<span class=\"elementor-icon-list-text\">Strand<\/span>\n\t\t\t\t\t\t\t\t\t\t\t<\/a>\n\t\t\t\t\t\t\t\t\t<\/li>\n\t\t\t\t\t\t\t\t<li class=\"elementor-icon-list-item elementor-inline-item\">\n\t\t\t\t\t\t\t\t\t\t\t<a href=\"\/index.php\/de\/wohnungen\/\">\n\n\t\t\t\t\t\t\t\t\t\t\t<span class=\"elementor-icon-list-text\">Wohnungen<\/span>\n\t\t\t\t\t\t\t\t\t\t\t<\/a>\n\t\t\t\t\t\t\t\t\t<\/li>\n\t\t\t\t\t\t\t\t<li class=\"elementor-icon-list-item elementor-inline-item\">\n\t\t\t\t\t\t\t\t\t\t\t<a href=\"\/index.php\/de\/kontakt-de\/\">\n\n\t\t\t\t\t\t\t\t\t\t\t<span class=\"elementor-icon-list-text\">Kontakt<\/span>\n\t\t\t\t\t\t\t\t\t\t\t<\/a>\n\t\t\t\t\t\t\t\t\t<\/li>\n\t\t\t\t\t\t\t\t<li class=\"elementor-icon-list-item elementor-inline-item\">\n\t\t\t\t\t\t\t\t\t\t\t<a href=\"\/index.php\/de\/duce-5\/\">\n\n\t\t\t\t\t\t\t\t\t\t\t<span class=\"elementor-icon-list-text\">Du\u0107e<\/span>\n\t\t\t\t\t\t\t\t\t\t\t<\/a>\n\t\t\t\t\t\t\t\t\t<\/li>\n\t\t\t\t\t\t\t\t<li class=\"elementor-icon-list-item elementor-inline-item\">\n\t\t\t\t\t\t\t\t\t\t\t<a href=\"\/index.php\/de\/aktivitaeten\/\">\n\n\t\t\t\t\t\t\t\t\t\t\t<span class=\"elementor-icon-list-text\">Aktivit\u00e4ten<\/span>\n\t\t\t\t\t\t\t\t\t\t\t<\/a>\n\t\t\t\t\t\t\t\t\t<\/li>\n\t\t\t\t\t\t<\/ul>\n\t\t\t\t\t\t<\/div>\n\t\t\t\t<\/div>\n\t\t\t\t\t<\/div>\n\t\t<\/div>\n\t\t\t\t<div class=\"elementor-column elementor-col-33 elementor-inner-column elementor-element elementor-element-6af7632\" data-id=\"6af7632\" data-element_type=\"column\" data-e-type=\"column\">\n\t\t\t<div class=\"elementor-widget-wrap\">\n\t\t\t\t\t\t\t<\/div>\n\t\t<\/div>\n\t\t\t\t\t<\/div>\n\t\t<\/section>\n\t\t\t\t<div class=\"elementor-element elementor-element-c352deb elementor-shape-square elementor-widget__width-initial elementor-widget-mobile__width-initial elementor-grid-0 e-grid-align-center elementor-widget elementor-widget-social-icons\" data-id=\"c352deb\" data-element_type=\"widget\" data-e-type=\"widget\" data-widget_type=\"social-icons.default\">\n\t\t\t\t<div class=\"elementor-widget-container\">\n\t\t\t\t\t\t\t<div class=\"elementor-social-icons-wrapper elementor-grid\" role=\"list\">\n\t\t\t\t\t\t\t<span class=\"elementor-grid-item\" role=\"listitem\">\n\t\t\t\t\t<a class=\"elementor-icon elementor-social-icon elementor-social-icon-facebook-f elementor-repeater-item-4aa3511\" href=\"https:\/\/www.facebook.com\/tafra.tava\" target=\"_blank\">\n\t\t\t\t\t\t<span class=\"elementor-screen-only\">Facebook-f<\/span>\n\t\t\t\t\t\t<i aria-hidden=\"true\" class=\"fab fa-facebook-f\"><\/i>\t\t\t\t\t<\/a>\n\t\t\t\t<\/span>\n\t\t\t\t\t\t\t<span class=\"elementor-grid-item\" role=\"listitem\">\n\t\t\t\t\t<a class=\"elementor-icon elementor-social-icon elementor-social-icon-instagram elementor-repeater-item-e7a89e8\" href=\"https:\/\/www.instagram.com\/apartmani_tafra_duce_omis\/\" target=\"_blank\">\n\t\t\t\t\t\t<span class=\"elementor-screen-only\">Instagram<\/span>\n\t\t\t\t\t\t<i aria-hidden=\"true\" class=\"fab fa-instagram\"><\/i>\t\t\t\t\t<\/a>\n\t\t\t\t<\/span>\n\t\t\t\t\t<\/div>\n\t\t\t\t\t\t<\/div>\n\t\t\t\t<\/div>\n\t\t\t\t\t<\/div>\n\t\t<\/div>\n\t\t\t\t\t<\/div>\n\t\t<\/section>\n\t\t\t\t<section class=\"elementor-section elementor-top-section elementor-element elementor-element-27ab8d3 elementor-section-boxed elementor-section-height-default elementor-section-height-default\" data-id=\"27ab8d3\" data-element_type=\"section\" data-e-type=\"section\" data-settings=\"{&quot;background_background&quot;:&quot;classic&quot;}\">\n\t\t\t\t\t\t<div class=\"elementor-container elementor-column-gap-no\">\n\t\t\t\t\t<div class=\"elementor-column elementor-col-100 elementor-top-column elementor-element elementor-element-2c5bede\" data-id=\"2c5bede\" data-element_type=\"column\" data-e-type=\"column\">\n\t\t\t<div class=\"elementor-widget-wrap elementor-element-populated\">\n\t\t\t\t\t\t<div class=\"elementor-element elementor-element-0cfe6a0 elementor-widget elementor-widget-heading\" data-id=\"0cfe6a0\" data-element_type=\"widget\" data-e-type=\"widget\" data-widget_type=\"heading.default\">\n\t\t\t\t<div class=\"elementor-widget-container\">\n\t\t\t\t\t<p class=\"elementor-heading-title elementor-size-default\"><a href=\"http:\/\/www.designum.net\" target=\"_blank\">\u00a92022 DESIGNUM Copyright All Right Reserved.<\/a><\/p>\t\t\t\t<\/div>\n\t\t\t\t<\/div>\n\t\t\t\t\t<\/div>\n\t\t<\/div>\n\t\t\t\t\t<\/div>\n\t\t<\/section>\n\t\t\t\t<\/div>\n\t\t","protected":false},"excerpt":{"rendered":"<p>DU\u0106E \/wp-content\/uploads\/2022\/05\/duce.mp4 Du\u0107e ist ein Dorf in der N\u00e4he von Omi\u0161 in der Gemeinde Dugo Rat, in Kroatien, an der [&hellip;]<\/p>\n","protected":false},"author":1,"featured_media":0,"parent":0,"menu_order":0,"comment_status":"closed","ping_status":"closed","template":"elementor_header_footer","meta":{"footnotes":""},"class_list":["post-2527","page","type-page","status-publish","hentry"],"yoast_head":"<!-- This site is optimized with the Yoast SEO plugin v26.9 - https:\/\/yoast.com\/product\/yoast-seo-wordpress\/ -->\n<title>Du\u0107e - TAFRA<\/title>\n<meta name=\"robots\" content=\"index, follow, max-snippet:-1, max-image-preview:large, max-video-preview:-1\" \/>\n<link rel=\"canonical\" href=\"https:\/\/apartmani-tafra-duce-omis.eu\/index.php\/de\/duce-5\/\" \/>\n<meta property=\"og:locale\" content=\"hr_HR\" \/>\n<meta property=\"og:type\" content=\"article\" \/>\n<meta property=\"og:title\" content=\"Du\u0107e - TAFRA\" \/>\n<meta property=\"og:description\" content=\"DU\u0106E \/wp-content\/uploads\/2022\/05\/duce.mp4 Du\u0107e ist ein Dorf in der N\u00e4he von Omi\u0161 in der Gemeinde Dugo Rat, in Kroatien, an der [&hellip;]\" \/>\n<meta property=\"og:url\" content=\"https:\/\/apartmani-tafra-duce-omis.eu\/index.php\/de\/duce-5\/\" \/>\n<meta property=\"og:site_name\" content=\"TAFRA\" \/>\n<meta property=\"article:publisher\" content=\"https:\/\/www.facebook.com\/tafra.tava\" \/>\n<meta property=\"article:modified_time\" content=\"2022-07-09T19:02:21+00:00\" \/>\n<meta property=\"og:image\" content=\"https:\/\/apartmani-tafra-duce-omis.eu\/wp-content\/uploads\/2022\/04\/cropped-tafra-logo83.png\" \/>\n<meta name=\"twitter:card\" content=\"summary_large_image\" \/>\n<meta name=\"twitter:label1\" content=\"Procijenjeno vrijeme \u010ditanja\" \/>\n\t<meta name=\"twitter:data1\" content=\"1 minuta\" \/>\n<script type=\"application\/ld+json\" class=\"yoast-schema-graph\">{\"@context\":\"https:\/\/schema.org\",\"@graph\":[{\"@type\":\"WebPage\",\"@id\":\"https:\/\/apartmani-tafra-duce-omis.eu\/index.php\/de\/duce-5\/\",\"url\":\"https:\/\/apartmani-tafra-duce-omis.eu\/index.php\/de\/duce-5\/\",\"name\":\"Du\u0107e - TAFRA\",\"isPartOf\":{\"@id\":\"https:\/\/apartmani-tafra-duce-omis.eu\/#website\"},\"primaryImageOfPage\":{\"@id\":\"https:\/\/apartmani-tafra-duce-omis.eu\/index.php\/de\/duce-5\/#primaryimage\"},\"image\":{\"@id\":\"https:\/\/apartmani-tafra-duce-omis.eu\/index.php\/de\/duce-5\/#primaryimage\"},\"thumbnailUrl\":\"https:\/\/apartmani-tafra-duce-omis.eu\/wp-content\/uploads\/2022\/04\/cropped-tafra-logo83.png\",\"datePublished\":\"2022-07-09T17:43:53+00:00\",\"dateModified\":\"2022-07-09T19:02:21+00:00\",\"breadcrumb\":{\"@id\":\"https:\/\/apartmani-tafra-duce-omis.eu\/index.php\/de\/duce-5\/#breadcrumb\"},\"inLanguage\":\"hr\",\"potentialAction\":[{\"@type\":\"ReadAction\",\"target\":[\"https:\/\/apartmani-tafra-duce-omis.eu\/index.php\/de\/duce-5\/\"]}]},{\"@type\":\"ImageObject\",\"inLanguage\":\"hr\",\"@id\":\"https:\/\/apartmani-tafra-duce-omis.eu\/index.php\/de\/duce-5\/#primaryimage\",\"url\":\"https:\/\/i0.wp.com\/apartmani-tafra-duce-omis.eu\/wp-content\/uploads\/2022\/04\/cropped-tafra-logo83.png?fit=175%2C65&ssl=1\",\"contentUrl\":\"https:\/\/i0.wp.com\/apartmani-tafra-duce-omis.eu\/wp-content\/uploads\/2022\/04\/cropped-tafra-logo83.png?fit=175%2C65&ssl=1\",\"width\":175,\"height\":65},{\"@type\":\"BreadcrumbList\",\"@id\":\"https:\/\/apartmani-tafra-duce-omis.eu\/index.php\/de\/duce-5\/#breadcrumb\",\"itemListElement\":[{\"@type\":\"ListItem\",\"position\":1,\"name\":\"Po\u010detna stranica\",\"item\":\"https:\/\/apartmani-tafra-duce-omis.eu\/\"},{\"@type\":\"ListItem\",\"position\":2,\"name\":\"Du\u0107e\"}]},{\"@type\":\"WebSite\",\"@id\":\"https:\/\/apartmani-tafra-duce-omis.eu\/#website\",\"url\":\"https:\/\/apartmani-tafra-duce-omis.eu\/\",\"name\":\"TAFRA\",\"description\":\"\",\"publisher\":{\"@id\":\"https:\/\/apartmani-tafra-duce-omis.eu\/#organization\"},\"potentialAction\":[{\"@type\":\"SearchAction\",\"target\":{\"@type\":\"EntryPoint\",\"urlTemplate\":\"https:\/\/apartmani-tafra-duce-omis.eu\/?s={search_term_string}\"},\"query-input\":{\"@type\":\"PropertyValueSpecification\",\"valueRequired\":true,\"valueName\":\"search_term_string\"}}],\"inLanguage\":\"hr\"},{\"@type\":\"Organization\",\"@id\":\"https:\/\/apartmani-tafra-duce-omis.eu\/#organization\",\"name\":\"Apartmani Tafra\",\"url\":\"https:\/\/apartmani-tafra-duce-omis.eu\/\",\"logo\":{\"@type\":\"ImageObject\",\"inLanguage\":\"hr\",\"@id\":\"https:\/\/apartmani-tafra-duce-omis.eu\/#\/schema\/logo\/image\/\",\"url\":\"https:\/\/apartmani-tafra-duce-omis.eu\/wp-content\/uploads\/2022\/04\/tafra-logo83.png\",\"contentUrl\":\"https:\/\/apartmani-tafra-duce-omis.eu\/wp-content\/uploads\/2022\/04\/tafra-logo83.png\",\"width\":354,\"height\":132,\"caption\":\"Apartmani Tafra\"},\"image\":{\"@id\":\"https:\/\/apartmani-tafra-duce-omis.eu\/#\/schema\/logo\/image\/\"},\"sameAs\":[\"https:\/\/www.facebook.com\/tafra.tava\",\"https:\/\/www.instagram.com\/apartmani_tafra_duce_omis\/\"]}]}<\/script>\n<!-- \/ Yoast SEO plugin. -->","yoast_head_json":{"title":"Du\u0107e - TAFRA","robots":{"index":"index","follow":"follow","max-snippet":"max-snippet:-1","max-image-preview":"max-image-preview:large","max-video-preview":"max-video-preview:-1"},"canonical":"https:\/\/apartmani-tafra-duce-omis.eu\/index.php\/de\/duce-5\/","og_locale":"hr_HR","og_type":"article","og_title":"Du\u0107e - TAFRA","og_description":"DU\u0106E \/wp-content\/uploads\/2022\/05\/duce.mp4 Du\u0107e ist ein Dorf in der N\u00e4he von Omi\u0161 in der Gemeinde Dugo Rat, in Kroatien, an der [&hellip;]","og_url":"https:\/\/apartmani-tafra-duce-omis.eu\/index.php\/de\/duce-5\/","og_site_name":"TAFRA","article_publisher":"https:\/\/www.facebook.com\/tafra.tava","article_modified_time":"2022-07-09T19:02:21+00:00","og_image":[{"url":"https:\/\/apartmani-tafra-duce-omis.eu\/wp-content\/uploads\/2022\/04\/cropped-tafra-logo83.png","type":"","width":"","height":""}],"twitter_card":"summary_large_image","twitter_misc":{"Procijenjeno vrijeme \u010ditanja":"1 minuta"},"schema":{"@context":"https:\/\/schema.org","@graph":[{"@type":"WebPage","@id":"https:\/\/apartmani-tafra-duce-omis.eu\/index.php\/de\/duce-5\/","url":"https:\/\/apartmani-tafra-duce-omis.eu\/index.php\/de\/duce-5\/","name":"Du\u0107e - TAFRA","isPartOf":{"@id":"https:\/\/apartmani-tafra-duce-omis.eu\/#website"},"primaryImageOfPage":{"@id":"https:\/\/apartmani-tafra-duce-omis.eu\/index.php\/de\/duce-5\/#primaryimage"},"image":{"@id":"https:\/\/apartmani-tafra-duce-omis.eu\/index.php\/de\/duce-5\/#primaryimage"},"thumbnailUrl":"https:\/\/apartmani-tafra-duce-omis.eu\/wp-content\/uploads\/2022\/04\/cropped-tafra-logo83.png","datePublished":"2022-07-09T17:43:53+00:00","dateModified":"2022-07-09T19:02:21+00:00","breadcrumb":{"@id":"https:\/\/apartmani-tafra-duce-omis.eu\/index.php\/de\/duce-5\/#breadcrumb"},"inLanguage":"hr","potentialAction":[{"@type":"ReadAction","target":["https:\/\/apartmani-tafra-duce-omis.eu\/index.php\/de\/duce-5\/"]}]},{"@type":"ImageObject","inLanguage":"hr","@id":"https:\/\/apartmani-tafra-duce-omis.eu\/index.php\/de\/duce-5\/#primaryimage","url":"https:\/\/i0.wp.com\/apartmani-tafra-duce-omis.eu\/wp-content\/uploads\/2022\/04\/cropped-tafra-logo83.png?fit=175%2C65&ssl=1","contentUrl":"https:\/\/i0.wp.com\/apartmani-tafra-duce-omis.eu\/wp-content\/uploads\/2022\/04\/cropped-tafra-logo83.png?fit=175%2C65&ssl=1","width":175,"height":65},{"@type":"BreadcrumbList","@id":"https:\/\/apartmani-tafra-duce-omis.eu\/index.php\/de\/duce-5\/#breadcrumb","itemListElement":[{"@type":"ListItem","position":1,"name":"Po\u010detna stranica","item":"https:\/\/apartmani-tafra-duce-omis.eu\/"},{"@type":"ListItem","position":2,"name":"Du\u0107e"}]},{"@type":"WebSite","@id":"https:\/\/apartmani-tafra-duce-omis.eu\/#website","url":"https:\/\/apartmani-tafra-duce-omis.eu\/","name":"TAFRA","description":"","publisher":{"@id":"https:\/\/apartmani-tafra-duce-omis.eu\/#organization"},"potentialAction":[{"@type":"SearchAction","target":{"@type":"EntryPoint","urlTemplate":"https:\/\/apartmani-tafra-duce-omis.eu\/?s={search_term_string}"},"query-input":{"@type":"PropertyValueSpecification","valueRequired":true,"valueName":"search_term_string"}}],"inLanguage":"hr"},{"@type":"Organization","@id":"https:\/\/apartmani-tafra-duce-omis.eu\/#organization","name":"Apartmani Tafra","url":"https:\/\/apartmani-tafra-duce-omis.eu\/","logo":{"@type":"ImageObject","inLanguage":"hr","@id":"https:\/\/apartmani-tafra-duce-omis.eu\/#\/schema\/logo\/image\/","url":"https:\/\/apartmani-tafra-duce-omis.eu\/wp-content\/uploads\/2022\/04\/tafra-logo83.png","contentUrl":"https:\/\/apartmani-tafra-duce-omis.eu\/wp-content\/uploads\/2022\/04\/tafra-logo83.png","width":354,"height":132,"caption":"Apartmani Tafra"},"image":{"@id":"https:\/\/apartmani-tafra-duce-omis.eu\/#\/schema\/logo\/image\/"},"sameAs":["https:\/\/www.facebook.com\/tafra.tava","https:\/\/www.instagram.com\/apartmani_tafra_duce_omis\/"]}]}},"jetpack_sharing_enabled":true,"_links":{"self":[{"href":"https:\/\/apartmani-tafra-duce-omis.eu\/index.php\/wp-json\/wp\/v2\/pages\/2527","targetHints":{"allow":["GET"]}}],"collection":[{"href":"https:\/\/apartmani-tafra-duce-omis.eu\/index.php\/wp-json\/wp\/v2\/pages"}],"about":[{"href":"https:\/\/apartmani-tafra-duce-omis.eu\/index.php\/wp-json\/wp\/v2\/types\/page"}],"author":[{"embeddable":true,"href":"https:\/\/apartmani-tafra-duce-omis.eu\/index.php\/wp-json\/wp\/v2\/users\/1"}],"replies":[{"embeddable":true,"href":"https:\/\/apartmani-tafra-duce-omis.eu\/index.php\/wp-json\/wp\/v2\/comments?post=2527"}],"version-history":[{"count":22,"href":"https:\/\/apartmani-tafra-duce-omis.eu\/index.php\/wp-json\/wp\/v2\/pages\/2527\/revisions"}],"predecessor-version":[{"id":2740,"href":"https:\/\/apartmani-tafra-duce-omis.eu\/index.php\/wp-json\/wp\/v2\/pages\/2527\/revisions\/2740"}],"wp:attachment":[{"href":"https:\/\/apartmani-tafra-duce-omis.eu\/index.php\/wp-json\/wp\/v2\/media?parent=2527"}],"curies":[{"name":"wp","href":"https:\/\/api.w.org\/{rel}","templated":true}]}}