{"id":1908,"date":"2022-05-08T11:28:44","date_gmt":"2022-05-08T10:28:44","guid":{"rendered":"http:\/\/apartmani-tafra-duce-omis.eu\/?page_id=1908"},"modified":"2022-07-09T20:29:11","modified_gmt":"2022-07-09T19:29:11","slug":"duce-3","status":"publish","type":"page","link":"https:\/\/apartmani-tafra-duce-omis.eu\/index.php\/en\/duce-3\/","title":{"rendered":"DU\u0106E"},"content":{"rendered":"\t\t<div data-elementor-type=\"wp-page\" data-elementor-id=\"1908\" class=\"elementor elementor-1908\">\n\t\t\t\t\t\t<section class=\"elementor-section elementor-top-section elementor-element elementor-element-987fe13 elementor-section-height-min-height elementor-section-boxed elementor-section-height-default elementor-section-items-middle\" data-id=\"987fe13\" data-element_type=\"section\" data-e-type=\"section\">\n\t\t\t\t\t\t<div class=\"elementor-container elementor-column-gap-default\">\n\t\t\t\t\t<div class=\"elementor-column elementor-col-100 elementor-top-column elementor-element elementor-element-bc6f3ef\" data-id=\"bc6f3ef\" data-element_type=\"column\" data-e-type=\"column\">\n\t\t\t<div class=\"elementor-widget-wrap\">\n\t\t\t\t\t\t\t<\/div>\n\t\t<\/div>\n\t\t\t\t\t<\/div>\n\t\t<\/section>\n\t\t\t\t<section class=\"elementor-section elementor-top-section elementor-element elementor-element-b190b62 elementor-section-boxed elementor-section-height-default elementor-section-height-default\" data-id=\"b190b62\" data-element_type=\"section\" data-e-type=\"section\">\n\t\t\t\t\t\t<div class=\"elementor-container elementor-column-gap-default\">\n\t\t\t\t\t<div class=\"elementor-column elementor-col-50 elementor-top-column elementor-element elementor-element-7ed371a\" data-id=\"7ed371a\" data-element_type=\"column\" data-e-type=\"column\">\n\t\t\t<div class=\"elementor-widget-wrap elementor-element-populated\">\n\t\t\t\t\t\t<div class=\"elementor-element elementor-element-6f95894 elementor-widget elementor-widget-heading\" data-id=\"6f95894\" data-element_type=\"widget\" data-e-type=\"widget\" data-widget_type=\"heading.default\">\n\t\t\t\t<div class=\"elementor-widget-container\">\n\t\t\t\t\t<h2 class=\"elementor-heading-title elementor-size-default\">DU\u0106E <\/h2>\t\t\t\t<\/div>\n\t\t\t\t<\/div>\n\t\t\t\t\t<\/div>\n\t\t<\/div>\n\t\t\t\t<div class=\"elementor-column elementor-col-50 elementor-top-column elementor-element elementor-element-69bebcf\" data-id=\"69bebcf\" data-element_type=\"column\" data-e-type=\"column\">\n\t\t\t<div class=\"elementor-widget-wrap\">\n\t\t\t\t\t\t\t<\/div>\n\t\t<\/div>\n\t\t\t\t\t<\/div>\n\t\t<\/section>\n\t\t\t\t<section class=\"elementor-section elementor-top-section elementor-element elementor-element-f046be9 elementor-section-boxed elementor-section-height-default elementor-section-height-default\" data-id=\"f046be9\" data-element_type=\"section\" data-e-type=\"section\">\n\t\t\t\t\t\t<div class=\"elementor-container elementor-column-gap-default\">\n\t\t\t\t\t<div class=\"elementor-column elementor-col-66 elementor-top-column elementor-element elementor-element-221721f\" data-id=\"221721f\" data-element_type=\"column\" data-e-type=\"column\">\n\t\t\t<div class=\"elementor-widget-wrap elementor-element-populated\">\n\t\t\t\t\t\t<div class=\"elementor-element elementor-element-b38a5ba elementor-widget elementor-widget-video\" data-id=\"b38a5ba\" data-element_type=\"widget\" data-e-type=\"widget\" data-settings=\"{&quot;video_type&quot;:&quot;hosted&quot;,&quot;autoplay&quot;:&quot;yes&quot;,&quot;play_on_mobile&quot;:&quot;yes&quot;,&quot;controls&quot;:&quot;yes&quot;}\" data-widget_type=\"video.default\">\n\t\t\t\t<div class=\"elementor-widget-container\">\n\t\t\t\t\t\t\t<div class=\"e-hosted-video elementor-wrapper elementor-open-inline\">\n\t\t\t\t\t<video class=\"elementor-video\" src=\"\/wp-content\/uploads\/2022\/05\/duce.mp4\" autoplay=\"\" controls=\"\" playsinline=\"\" controlsList=\"nodownload\"><\/video>\n\t\t\t\t<\/div>\n\t\t\t\t\t\t<\/div>\n\t\t\t\t<\/div>\n\t\t\t\t\t<\/div>\n\t\t<\/div>\n\t\t\t\t<div class=\"elementor-column elementor-col-33 elementor-top-column elementor-element elementor-element-4b38593\" data-id=\"4b38593\" data-element_type=\"column\" data-e-type=\"column\">\n\t\t\t<div class=\"elementor-widget-wrap elementor-element-populated\">\n\t\t\t\t\t\t<div class=\"elementor-element elementor-element-0b20b84 elementor-widget elementor-widget-text-editor\" data-id=\"0b20b84\" data-element_type=\"widget\" data-e-type=\"widget\" data-widget_type=\"text-editor.default\">\n\t\t\t\t<div class=\"elementor-widget-container\">\n\t\t\t\t\t\t\t\t\t<p style=\"text-align: center;\">Du\u0107e is a village near Omis in the municipality of Dugi Rat, Croatia, along the road Omis &#8211; Split.<\/p><p style=\"text-align: center;\">Duce beach, with a long shallow sandy beach, is a favorite beach of many citizens of Split.<\/p><p style=\"text-align: center;\">The town of Du\u0107e consists of: Luka, Roga\u010d, Vavlja, Golubinka, Glavica and Do\u010dina. In the past, only a few families with surnames lived in Du\u0107e: Vojnovi\u0107, \u0160karica, \u010cepi\u0107, Bilanovi\u0107, Dujmovi\u0107, \u0160kobalj, \u017delali\u0107. Today Duce is a place with about 2000 inhabitants. The main economic activity of the population of Du\u0107a is tourism (apartment-type accommodation). <strong><a href=\"https:\/\/en.wikipedia.org\/wiki\/Du%C4%87e\" target=\"_blank\" rel=\"noopener\">MORE on Wiki&#8230;<\/a><\/strong><\/p>\t\t\t\t\t\t\t\t<\/div>\n\t\t\t\t<\/div>\n\t\t\t\t\t<\/div>\n\t\t<\/div>\n\t\t\t\t\t<\/div>\n\t\t<\/section>\n\t\t\t\t<section class=\"elementor-section elementor-top-section elementor-element elementor-element-2065031 elementor-section-boxed elementor-section-height-default elementor-section-height-default\" data-id=\"2065031\" data-element_type=\"section\" data-e-type=\"section\">\n\t\t\t\t\t\t<div class=\"elementor-container elementor-column-gap-default\">\n\t\t\t\t\t<div class=\"elementor-column elementor-col-33 elementor-top-column elementor-element elementor-element-3e464d3\" data-id=\"3e464d3\" data-element_type=\"column\" data-e-type=\"column\">\n\t\t\t<div class=\"elementor-widget-wrap elementor-element-populated\">\n\t\t\t\t\t\t<div class=\"elementor-element elementor-element-9be6890 elementor-widget elementor-widget-video\" data-id=\"9be6890\" data-element_type=\"widget\" data-e-type=\"widget\" data-settings=\"{&quot;video_type&quot;:&quot;hosted&quot;,&quot;loop&quot;:&quot;yes&quot;,&quot;controls&quot;:&quot;yes&quot;}\" data-widget_type=\"video.default\">\n\t\t\t\t<div class=\"elementor-widget-container\">\n\t\t\t\t\t\t\t<div class=\"e-hosted-video elementor-wrapper elementor-open-inline\">\n\t\t\t\t\t<video class=\"elementor-video\" src=\"\/wp-content\/uploads\/2022\/05\/paza.mp4\" loop=\"\" controls=\"\" preload=\"metadata\" controlsList=\"nodownload\"><\/video>\n\t\t\t\t<\/div>\n\t\t\t\t\t\t<\/div>\n\t\t\t\t<\/div>\n\t\t\t\t\t<\/div>\n\t\t<\/div>\n\t\t\t\t<div class=\"elementor-column elementor-col-33 elementor-top-column elementor-element elementor-element-a11b680\" data-id=\"a11b680\" data-element_type=\"column\" data-e-type=\"column\">\n\t\t\t<div class=\"elementor-widget-wrap elementor-element-populated\">\n\t\t\t\t\t\t<div class=\"elementor-element elementor-element-6111b2b elementor-widget elementor-widget-video\" data-id=\"6111b2b\" data-element_type=\"widget\" data-e-type=\"widget\" data-settings=\"{&quot;video_type&quot;:&quot;hosted&quot;,&quot;loop&quot;:&quot;yes&quot;,&quot;controls&quot;:&quot;yes&quot;}\" data-widget_type=\"video.default\">\n\t\t\t\t<div class=\"elementor-widget-container\">\n\t\t\t\t\t\t\t<div class=\"e-hosted-video elementor-wrapper elementor-open-inline\">\n\t\t\t\t\t<video class=\"elementor-video\" src=\"\/wp-content\/uploads\/2022\/05\/duce2.mp4\" loop=\"\" controls=\"\" preload=\"metadata\" controlsList=\"nodownload\"><\/video>\n\t\t\t\t<\/div>\n\t\t\t\t\t\t<\/div>\n\t\t\t\t<\/div>\n\t\t\t\t\t<\/div>\n\t\t<\/div>\n\t\t\t\t<div class=\"elementor-column elementor-col-33 elementor-top-column elementor-element elementor-element-da6ad43\" data-id=\"da6ad43\" data-element_type=\"column\" data-e-type=\"column\">\n\t\t\t<div class=\"elementor-widget-wrap\">\n\t\t\t\t\t\t\t<\/div>\n\t\t<\/div>\n\t\t\t\t\t<\/div>\n\t\t<\/section>\n\t\t\t\t<section class=\"elementor-section elementor-top-section elementor-element elementor-element-4306002 elementor-section-boxed elementor-section-height-default elementor-section-height-default\" data-id=\"4306002\" data-element_type=\"section\" data-e-type=\"section\">\n\t\t\t\t\t\t<div class=\"elementor-container elementor-column-gap-no\">\n\t\t\t\t\t<div class=\"elementor-column elementor-col-100 elementor-top-column elementor-element elementor-element-2a28313\" data-id=\"2a28313\" data-element_type=\"column\" data-e-type=\"column\">\n\t\t\t<div class=\"elementor-widget-wrap elementor-element-populated\">\n\t\t\t\t\t\t<section class=\"elementor-section elementor-inner-section elementor-element elementor-element-18fa9ee elementor-section-content-middle elementor-section-full_width elementor-section-height-default elementor-section-height-default\" data-id=\"18fa9ee\" data-element_type=\"section\" data-e-type=\"section\">\n\t\t\t\t\t\t<div class=\"elementor-container elementor-column-gap-no\">\n\t\t\t\t\t<div class=\"elementor-column elementor-col-33 elementor-inner-column elementor-element elementor-element-0129506\" data-id=\"0129506\" data-element_type=\"column\" data-e-type=\"column\">\n\t\t\t<div class=\"elementor-widget-wrap elementor-element-populated\">\n\t\t\t\t\t\t<div class=\"elementor-element elementor-element-4bc84ea elementor-widget elementor-widget-image\" data-id=\"4bc84ea\" data-element_type=\"widget\" data-e-type=\"widget\" data-widget_type=\"image.default\">\n\t\t\t\t<div class=\"elementor-widget-container\">\n\t\t\t\t\t\t\t\t\t\t\t\t\t\t\t\t<a href=\"https:\/\/apartmani-tafra-duce-omis.eu\/index.php\/en\/home\/\">\n\t\t\t\t\t\t\t<img decoding=\"async\" width=\"175\" height=\"65\" src=\"https:\/\/i0.wp.com\/apartmani-tafra-duce-omis.eu\/wp-content\/uploads\/2022\/04\/cropped-tafra-logo83.png?fit=175%2C65&amp;ssl=1\" class=\"attachment-full size-full wp-image-772\" alt=\"\" \/>\t\t\t\t\t\t\t\t<\/a>\n\t\t\t\t\t\t\t\t\t\t\t\t\t\t\t<\/div>\n\t\t\t\t<\/div>\n\t\t\t\t\t<\/div>\n\t\t<\/div>\n\t\t\t\t<div class=\"elementor-column elementor-col-33 elementor-inner-column elementor-element elementor-element-48d4f00\" data-id=\"48d4f00\" data-element_type=\"column\" data-e-type=\"column\">\n\t\t\t<div class=\"elementor-widget-wrap elementor-element-populated\">\n\t\t\t\t\t\t<div class=\"elementor-element elementor-element-ad87a95 elementor-icon-list--layout-inline elementor-align-center elementor-list-item-link-full_width elementor-widget elementor-widget-icon-list\" data-id=\"ad87a95\" data-element_type=\"widget\" data-e-type=\"widget\" data-widget_type=\"icon-list.default\">\n\t\t\t\t<div class=\"elementor-widget-container\">\n\t\t\t\t\t\t\t<ul class=\"elementor-icon-list-items elementor-inline-items\">\n\t\t\t\t\t\t\t<li class=\"elementor-icon-list-item elementor-inline-item\">\n\t\t\t\t\t\t\t\t\t\t\t<a href=\"http:\/\/apartmani-tafra-duce-omis.eu\/\">\n\n\t\t\t\t\t\t\t\t\t\t\t<span class=\"elementor-icon-list-text\">Home<\/span>\n\t\t\t\t\t\t\t\t\t\t\t<\/a>\n\t\t\t\t\t\t\t\t\t<\/li>\n\t\t\t\t\t\t\t\t<li class=\"elementor-icon-list-item elementor-inline-item\">\n\t\t\t\t\t\t\t\t\t\t\t<a href=\"\/index.php\/en\/beach\/\">\n\n\t\t\t\t\t\t\t\t\t\t\t<span class=\"elementor-icon-list-text\">Beach<\/span>\n\t\t\t\t\t\t\t\t\t\t\t<\/a>\n\t\t\t\t\t\t\t\t\t<\/li>\n\t\t\t\t\t\t\t\t<li class=\"elementor-icon-list-item elementor-inline-item\">\n\t\t\t\t\t\t\t\t\t\t\t<a href=\"\/index.php\/en\/apartments\/\">\n\n\t\t\t\t\t\t\t\t\t\t\t<span class=\"elementor-icon-list-text\">Apartmens<\/span>\n\t\t\t\t\t\t\t\t\t\t\t<\/a>\n\t\t\t\t\t\t\t\t\t<\/li>\n\t\t\t\t\t\t\t\t<li class=\"elementor-icon-list-item elementor-inline-item\">\n\t\t\t\t\t\t\t\t\t\t\t<a href=\"\/index.php\/en\/contact\/\">\n\n\t\t\t\t\t\t\t\t\t\t\t<span class=\"elementor-icon-list-text\">Contact<\/span>\n\t\t\t\t\t\t\t\t\t\t\t<\/a>\n\t\t\t\t\t\t\t\t\t<\/li>\n\t\t\t\t\t\t\t\t<li class=\"elementor-icon-list-item elementor-inline-item\">\n\t\t\t\t\t\t\t\t\t\t\t<a href=\"\/index.php\/en\/duce-3\/\">\n\n\t\t\t\t\t\t\t\t\t\t\t<span class=\"elementor-icon-list-text\">Du\u0107e<\/span>\n\t\t\t\t\t\t\t\t\t\t\t<\/a>\n\t\t\t\t\t\t\t\t\t<\/li>\n\t\t\t\t\t\t\t\t<li class=\"elementor-icon-list-item elementor-inline-item\">\n\t\t\t\t\t\t\t\t\t\t\t<a href=\"\/index.php\/en\/activities\/\">\n\n\t\t\t\t\t\t\t\t\t\t\t<span class=\"elementor-icon-list-text\">Activities<\/span>\n\t\t\t\t\t\t\t\t\t\t\t<\/a>\n\t\t\t\t\t\t\t\t\t<\/li>\n\t\t\t\t\t\t<\/ul>\n\t\t\t\t\t\t<\/div>\n\t\t\t\t<\/div>\n\t\t\t\t\t<\/div>\n\t\t<\/div>\n\t\t\t\t<div class=\"elementor-column elementor-col-33 elementor-inner-column elementor-element elementor-element-0a0175d\" data-id=\"0a0175d\" data-element_type=\"column\" data-e-type=\"column\">\n\t\t\t<div class=\"elementor-widget-wrap\">\n\t\t\t\t\t\t\t<\/div>\n\t\t<\/div>\n\t\t\t\t\t<\/div>\n\t\t<\/section>\n\t\t\t\t<div class=\"elementor-element elementor-element-23ed790 elementor-shape-square elementor-widget__width-initial elementor-widget-mobile__width-initial elementor-grid-0 e-grid-align-center elementor-widget elementor-widget-social-icons\" data-id=\"23ed790\" data-element_type=\"widget\" data-e-type=\"widget\" data-widget_type=\"social-icons.default\">\n\t\t\t\t<div class=\"elementor-widget-container\">\n\t\t\t\t\t\t\t<div class=\"elementor-social-icons-wrapper elementor-grid\" role=\"list\">\n\t\t\t\t\t\t\t<span class=\"elementor-grid-item\" role=\"listitem\">\n\t\t\t\t\t<a class=\"elementor-icon elementor-social-icon elementor-social-icon-facebook-f elementor-repeater-item-4aa3511\" href=\"https:\/\/www.facebook.com\/tafra.tava\" target=\"_blank\">\n\t\t\t\t\t\t<span class=\"elementor-screen-only\">Facebook-f<\/span>\n\t\t\t\t\t\t<i aria-hidden=\"true\" class=\"fab fa-facebook-f\"><\/i>\t\t\t\t\t<\/a>\n\t\t\t\t<\/span>\n\t\t\t\t\t\t\t<span class=\"elementor-grid-item\" role=\"listitem\">\n\t\t\t\t\t<a class=\"elementor-icon elementor-social-icon elementor-social-icon-instagram elementor-repeater-item-e7a89e8\" href=\"https:\/\/www.instagram.com\/apartmani_tafra_duce_omis\/\" target=\"_blank\">\n\t\t\t\t\t\t<span class=\"elementor-screen-only\">Instagram<\/span>\n\t\t\t\t\t\t<i aria-hidden=\"true\" class=\"fab fa-instagram\"><\/i>\t\t\t\t\t<\/a>\n\t\t\t\t<\/span>\n\t\t\t\t\t<\/div>\n\t\t\t\t\t\t<\/div>\n\t\t\t\t<\/div>\n\t\t\t\t\t<\/div>\n\t\t<\/div>\n\t\t\t\t\t<\/div>\n\t\t<\/section>\n\t\t\t\t<section class=\"elementor-section elementor-top-section elementor-element elementor-element-27ab8d3 elementor-section-boxed elementor-section-height-default elementor-section-height-default\" data-id=\"27ab8d3\" data-element_type=\"section\" data-e-type=\"section\" data-settings=\"{&quot;background_background&quot;:&quot;classic&quot;}\">\n\t\t\t\t\t\t<div class=\"elementor-container elementor-column-gap-no\">\n\t\t\t\t\t<div class=\"elementor-column elementor-col-100 elementor-top-column elementor-element elementor-element-2c5bede\" data-id=\"2c5bede\" data-element_type=\"column\" data-e-type=\"column\">\n\t\t\t<div class=\"elementor-widget-wrap elementor-element-populated\">\n\t\t\t\t\t\t<div class=\"elementor-element elementor-element-0cfe6a0 elementor-widget elementor-widget-heading\" data-id=\"0cfe6a0\" data-element_type=\"widget\" data-e-type=\"widget\" data-widget_type=\"heading.default\">\n\t\t\t\t<div class=\"elementor-widget-container\">\n\t\t\t\t\t<p class=\"elementor-heading-title elementor-size-default\"><a href=\"http:\/\/www.designum.net\" target=\"_blank\">\u00a92022 DESIGNUM Copyright All Right Reserved.<\/a><\/p>\t\t\t\t<\/div>\n\t\t\t\t<\/div>\n\t\t\t\t\t<\/div>\n\t\t<\/div>\n\t\t\t\t\t<\/div>\n\t\t<\/section>\n\t\t\t\t<\/div>\n\t\t","protected":false},"excerpt":{"rendered":"<p>DU\u0106E \/wp-content\/uploads\/2022\/05\/duce.mp4 Du\u0107e is a village near Omis in the municipality of Dugi Rat, Croatia, along the road Omis &#8211; [&hellip;]<\/p>\n","protected":false},"author":1,"featured_media":0,"parent":0,"menu_order":0,"comment_status":"closed","ping_status":"closed","template":"elementor_header_footer","meta":{"footnotes":""},"class_list":["post-1908","page","type-page","status-publish","hentry"],"yoast_head":"<!-- This site is optimized with the Yoast SEO plugin v26.9 - https:\/\/yoast.com\/product\/yoast-seo-wordpress\/ -->\n<title>DU\u0106E - TAFRA<\/title>\n<meta name=\"robots\" content=\"index, follow, max-snippet:-1, max-image-preview:large, max-video-preview:-1\" \/>\n<link rel=\"canonical\" href=\"https:\/\/apartmani-tafra-duce-omis.eu\/index.php\/en\/duce-3\/\" \/>\n<meta property=\"og:locale\" content=\"hr_HR\" \/>\n<meta property=\"og:type\" content=\"article\" \/>\n<meta property=\"og:title\" content=\"DU\u0106E - TAFRA\" \/>\n<meta property=\"og:description\" content=\"DU\u0106E \/wp-content\/uploads\/2022\/05\/duce.mp4 Du\u0107e is a village near Omis in the municipality of Dugi Rat, Croatia, along the road Omis &#8211; [&hellip;]\" \/>\n<meta property=\"og:url\" content=\"https:\/\/apartmani-tafra-duce-omis.eu\/index.php\/en\/duce-3\/\" \/>\n<meta property=\"og:site_name\" content=\"TAFRA\" \/>\n<meta property=\"article:publisher\" content=\"https:\/\/www.facebook.com\/tafra.tava\" \/>\n<meta property=\"article:modified_time\" content=\"2022-07-09T19:29:11+00:00\" \/>\n<meta property=\"og:image\" content=\"https:\/\/apartmani-tafra-duce-omis.eu\/wp-content\/uploads\/2022\/04\/cropped-tafra-logo83.png\" \/>\n<meta name=\"twitter:card\" content=\"summary_large_image\" \/>\n<meta name=\"twitter:label1\" content=\"Procijenjeno vrijeme \u010ditanja\" \/>\n\t<meta name=\"twitter:data1\" content=\"1 minuta\" \/>\n<script type=\"application\/ld+json\" class=\"yoast-schema-graph\">{\"@context\":\"https:\/\/schema.org\",\"@graph\":[{\"@type\":\"WebPage\",\"@id\":\"https:\/\/apartmani-tafra-duce-omis.eu\/index.php\/en\/duce-3\/\",\"url\":\"https:\/\/apartmani-tafra-duce-omis.eu\/index.php\/en\/duce-3\/\",\"name\":\"DU\u0106E - TAFRA\",\"isPartOf\":{\"@id\":\"https:\/\/apartmani-tafra-duce-omis.eu\/#website\"},\"primaryImageOfPage\":{\"@id\":\"https:\/\/apartmani-tafra-duce-omis.eu\/index.php\/en\/duce-3\/#primaryimage\"},\"image\":{\"@id\":\"https:\/\/apartmani-tafra-duce-omis.eu\/index.php\/en\/duce-3\/#primaryimage\"},\"thumbnailUrl\":\"https:\/\/apartmani-tafra-duce-omis.eu\/wp-content\/uploads\/2022\/04\/cropped-tafra-logo83.png\",\"datePublished\":\"2022-05-08T10:28:44+00:00\",\"dateModified\":\"2022-07-09T19:29:11+00:00\",\"breadcrumb\":{\"@id\":\"https:\/\/apartmani-tafra-duce-omis.eu\/index.php\/en\/duce-3\/#breadcrumb\"},\"inLanguage\":\"hr\",\"potentialAction\":[{\"@type\":\"ReadAction\",\"target\":[\"https:\/\/apartmani-tafra-duce-omis.eu\/index.php\/en\/duce-3\/\"]}]},{\"@type\":\"ImageObject\",\"inLanguage\":\"hr\",\"@id\":\"https:\/\/apartmani-tafra-duce-omis.eu\/index.php\/en\/duce-3\/#primaryimage\",\"url\":\"https:\/\/i0.wp.com\/apartmani-tafra-duce-omis.eu\/wp-content\/uploads\/2022\/04\/cropped-tafra-logo83.png?fit=175%2C65&ssl=1\",\"contentUrl\":\"https:\/\/i0.wp.com\/apartmani-tafra-duce-omis.eu\/wp-content\/uploads\/2022\/04\/cropped-tafra-logo83.png?fit=175%2C65&ssl=1\",\"width\":175,\"height\":65},{\"@type\":\"BreadcrumbList\",\"@id\":\"https:\/\/apartmani-tafra-duce-omis.eu\/index.php\/en\/duce-3\/#breadcrumb\",\"itemListElement\":[{\"@type\":\"ListItem\",\"position\":1,\"name\":\"Po\u010detna stranica\",\"item\":\"https:\/\/apartmani-tafra-duce-omis.eu\/\"},{\"@type\":\"ListItem\",\"position\":2,\"name\":\"DU\u0106E\"}]},{\"@type\":\"WebSite\",\"@id\":\"https:\/\/apartmani-tafra-duce-omis.eu\/#website\",\"url\":\"https:\/\/apartmani-tafra-duce-omis.eu\/\",\"name\":\"TAFRA\",\"description\":\"\",\"publisher\":{\"@id\":\"https:\/\/apartmani-tafra-duce-omis.eu\/#organization\"},\"potentialAction\":[{\"@type\":\"SearchAction\",\"target\":{\"@type\":\"EntryPoint\",\"urlTemplate\":\"https:\/\/apartmani-tafra-duce-omis.eu\/?s={search_term_string}\"},\"query-input\":{\"@type\":\"PropertyValueSpecification\",\"valueRequired\":true,\"valueName\":\"search_term_string\"}}],\"inLanguage\":\"hr\"},{\"@type\":\"Organization\",\"@id\":\"https:\/\/apartmani-tafra-duce-omis.eu\/#organization\",\"name\":\"Apartmani Tafra\",\"url\":\"https:\/\/apartmani-tafra-duce-omis.eu\/\",\"logo\":{\"@type\":\"ImageObject\",\"inLanguage\":\"hr\",\"@id\":\"https:\/\/apartmani-tafra-duce-omis.eu\/#\/schema\/logo\/image\/\",\"url\":\"https:\/\/apartmani-tafra-duce-omis.eu\/wp-content\/uploads\/2022\/04\/tafra-logo83.png\",\"contentUrl\":\"https:\/\/apartmani-tafra-duce-omis.eu\/wp-content\/uploads\/2022\/04\/tafra-logo83.png\",\"width\":354,\"height\":132,\"caption\":\"Apartmani Tafra\"},\"image\":{\"@id\":\"https:\/\/apartmani-tafra-duce-omis.eu\/#\/schema\/logo\/image\/\"},\"sameAs\":[\"https:\/\/www.facebook.com\/tafra.tava\",\"https:\/\/www.instagram.com\/apartmani_tafra_duce_omis\/\"]}]}<\/script>\n<!-- \/ Yoast SEO plugin. -->","yoast_head_json":{"title":"DU\u0106E - TAFRA","robots":{"index":"index","follow":"follow","max-snippet":"max-snippet:-1","max-image-preview":"max-image-preview:large","max-video-preview":"max-video-preview:-1"},"canonical":"https:\/\/apartmani-tafra-duce-omis.eu\/index.php\/en\/duce-3\/","og_locale":"hr_HR","og_type":"article","og_title":"DU\u0106E - TAFRA","og_description":"DU\u0106E \/wp-content\/uploads\/2022\/05\/duce.mp4 Du\u0107e is a village near Omis in the municipality of Dugi Rat, Croatia, along the road Omis &#8211; [&hellip;]","og_url":"https:\/\/apartmani-tafra-duce-omis.eu\/index.php\/en\/duce-3\/","og_site_name":"TAFRA","article_publisher":"https:\/\/www.facebook.com\/tafra.tava","article_modified_time":"2022-07-09T19:29:11+00:00","og_image":[{"url":"https:\/\/apartmani-tafra-duce-omis.eu\/wp-content\/uploads\/2022\/04\/cropped-tafra-logo83.png","type":"","width":"","height":""}],"twitter_card":"summary_large_image","twitter_misc":{"Procijenjeno vrijeme \u010ditanja":"1 minuta"},"schema":{"@context":"https:\/\/schema.org","@graph":[{"@type":"WebPage","@id":"https:\/\/apartmani-tafra-duce-omis.eu\/index.php\/en\/duce-3\/","url":"https:\/\/apartmani-tafra-duce-omis.eu\/index.php\/en\/duce-3\/","name":"DU\u0106E - TAFRA","isPartOf":{"@id":"https:\/\/apartmani-tafra-duce-omis.eu\/#website"},"primaryImageOfPage":{"@id":"https:\/\/apartmani-tafra-duce-omis.eu\/index.php\/en\/duce-3\/#primaryimage"},"image":{"@id":"https:\/\/apartmani-tafra-duce-omis.eu\/index.php\/en\/duce-3\/#primaryimage"},"thumbnailUrl":"https:\/\/apartmani-tafra-duce-omis.eu\/wp-content\/uploads\/2022\/04\/cropped-tafra-logo83.png","datePublished":"2022-05-08T10:28:44+00:00","dateModified":"2022-07-09T19:29:11+00:00","breadcrumb":{"@id":"https:\/\/apartmani-tafra-duce-omis.eu\/index.php\/en\/duce-3\/#breadcrumb"},"inLanguage":"hr","potentialAction":[{"@type":"ReadAction","target":["https:\/\/apartmani-tafra-duce-omis.eu\/index.php\/en\/duce-3\/"]}]},{"@type":"ImageObject","inLanguage":"hr","@id":"https:\/\/apartmani-tafra-duce-omis.eu\/index.php\/en\/duce-3\/#primaryimage","url":"https:\/\/i0.wp.com\/apartmani-tafra-duce-omis.eu\/wp-content\/uploads\/2022\/04\/cropped-tafra-logo83.png?fit=175%2C65&ssl=1","contentUrl":"https:\/\/i0.wp.com\/apartmani-tafra-duce-omis.eu\/wp-content\/uploads\/2022\/04\/cropped-tafra-logo83.png?fit=175%2C65&ssl=1","width":175,"height":65},{"@type":"BreadcrumbList","@id":"https:\/\/apartmani-tafra-duce-omis.eu\/index.php\/en\/duce-3\/#breadcrumb","itemListElement":[{"@type":"ListItem","position":1,"name":"Po\u010detna stranica","item":"https:\/\/apartmani-tafra-duce-omis.eu\/"},{"@type":"ListItem","position":2,"name":"DU\u0106E"}]},{"@type":"WebSite","@id":"https:\/\/apartmani-tafra-duce-omis.eu\/#website","url":"https:\/\/apartmani-tafra-duce-omis.eu\/","name":"TAFRA","description":"","publisher":{"@id":"https:\/\/apartmani-tafra-duce-omis.eu\/#organization"},"potentialAction":[{"@type":"SearchAction","target":{"@type":"EntryPoint","urlTemplate":"https:\/\/apartmani-tafra-duce-omis.eu\/?s={search_term_string}"},"query-input":{"@type":"PropertyValueSpecification","valueRequired":true,"valueName":"search_term_string"}}],"inLanguage":"hr"},{"@type":"Organization","@id":"https:\/\/apartmani-tafra-duce-omis.eu\/#organization","name":"Apartmani Tafra","url":"https:\/\/apartmani-tafra-duce-omis.eu\/","logo":{"@type":"ImageObject","inLanguage":"hr","@id":"https:\/\/apartmani-tafra-duce-omis.eu\/#\/schema\/logo\/image\/","url":"https:\/\/apartmani-tafra-duce-omis.eu\/wp-content\/uploads\/2022\/04\/tafra-logo83.png","contentUrl":"https:\/\/apartmani-tafra-duce-omis.eu\/wp-content\/uploads\/2022\/04\/tafra-logo83.png","width":354,"height":132,"caption":"Apartmani Tafra"},"image":{"@id":"https:\/\/apartmani-tafra-duce-omis.eu\/#\/schema\/logo\/image\/"},"sameAs":["https:\/\/www.facebook.com\/tafra.tava","https:\/\/www.instagram.com\/apartmani_tafra_duce_omis\/"]}]}},"jetpack_sharing_enabled":true,"_links":{"self":[{"href":"https:\/\/apartmani-tafra-duce-omis.eu\/index.php\/wp-json\/wp\/v2\/pages\/1908","targetHints":{"allow":["GET"]}}],"collection":[{"href":"https:\/\/apartmani-tafra-duce-omis.eu\/index.php\/wp-json\/wp\/v2\/pages"}],"about":[{"href":"https:\/\/apartmani-tafra-duce-omis.eu\/index.php\/wp-json\/wp\/v2\/types\/page"}],"author":[{"embeddable":true,"href":"https:\/\/apartmani-tafra-duce-omis.eu\/index.php\/wp-json\/wp\/v2\/users\/1"}],"replies":[{"embeddable":true,"href":"https:\/\/apartmani-tafra-duce-omis.eu\/index.php\/wp-json\/wp\/v2\/comments?post=1908"}],"version-history":[{"count":31,"href":"https:\/\/apartmani-tafra-duce-omis.eu\/index.php\/wp-json\/wp\/v2\/pages\/1908\/revisions"}],"predecessor-version":[{"id":2897,"href":"https:\/\/apartmani-tafra-duce-omis.eu\/index.php\/wp-json\/wp\/v2\/pages\/1908\/revisions\/2897"}],"wp:attachment":[{"href":"https:\/\/apartmani-tafra-duce-omis.eu\/index.php\/wp-json\/wp\/v2\/media?parent=1908"}],"curies":[{"name":"wp","href":"https:\/\/api.w.org\/{rel}","templated":true}]}}